{"id":6908,"date":"2020-09-23T11:15:17","date_gmt":"2020-09-23T09:15:17","guid":{"rendered":"https:\/\/flaga.ch\/mentions-legales\/"},"modified":"2024-10-31T09:10:49","modified_gmt":"2024-10-31T08:10:49","slug":"imprimer","status":"publish","type":"page","link":"https:\/\/flaga.ch\/fr\/imprimer\/","title":{"rendered":"Imprimer"},"content":{"rendered":"<h1>Imprimer<\/h1>\n<h2>Adresse de contact<\/h2>\n<p>FLAGA Suisse GmbH<br \/>\nRingstrasse 14<br \/>\n9200 Gossau<br \/>\nSuisse<br \/>\ninfo@flaga.ch<br \/>\n071 388 00 60<\/p>\n<h2>Personnes ayant droit de repr\u00e9sentation<\/h2>\n<p>Antonio Matteo, propri\u00e9taire<\/p>\n<h2>Inscription au registre du commerce<\/h2>\n<p>Nom de la soci\u00e9t\u00e9 enregistr\u00e9e : FLAGA Suisse GmbH<br \/>\nNum\u00e9ro: CHE-110.357.177<\/p>\n<h2>Exclusion de responsabilit\u00e9<\/h2>\n<p>L\u2019auteur n\u2019assume aucune garantie quant \u00e0 l\u2019exactitude, l\u2019exactitude, l\u2019actualit\u00e9, la fiabilit\u00e9 et l\u2019exhaustivit\u00e9 des informations. Les r\u00e9clamations de responsabilit\u00e9 contre l\u2019auteur pour des dommages mat\u00e9riels ou immat\u00e9riels r\u00e9sultant de l\u2019acc\u00e8s, de l\u2019utilisation ou de la non-utilisation des informations publi\u00e9es, de l\u2019utilisation abusive de la connexion ou de d\u00e9faillances techniques, seront exclues. Toutes les offres sont sans engagement. L\u2019auteur se r\u00e9serve express\u00e9ment le droit de modifier, compl\u00e9ter, supprimer des parties des pages ou toute l\u2019offre sans pr\u00e9avis s\u00e9par\u00e9, ou de suspendre temporairement ou d\u00e9finitivement la publication.<\/p>\n<h2>Responsabilit\u00e9 pour les liens<\/h2>\n<p>Les liens et les liens vers les sites web de tiers sont en dehors de notre responsabilit\u00e9. Toute responsabilit\u00e9 \u00e0 l\u2019\u00e9gard de ces sites est rejet\u00e9e. L\u2019acc\u00e8s et l\u2019utilisation de ces sites web sont effectu\u00e9s aux risques propres de l\u2019utilisateur ou de l\u2019utilisateur.<\/p>\n<h2>Droits d\u2019auteur<\/h2>\n<p>Les droits d\u2019auteur et tout autre droit de contenu, d\u2019images, de photos ou d\u2019autres fichiers sur le site internet appartiennent exclusivement \u00e0 la soci\u00e9t\u00e9 FLAGA Suisse GmbH ou aux titulaires de droits sp\u00e9cifiquement mentionn\u00e9s. Pour la reproduction de tout \u00e9l\u00e9ment, le consentement \u00e9crit des organismes de droits d\u2019auteur doit \u00eatre obtenu \u00e0 l\u2019avance.<\/p>\n<h2>Protection des donn\u00e9es<\/h2>\n<p>En vertu de l\u2019article 13 de la Constitution f\u00e9d\u00e9rale suisse et des dispositions de la loi f\u00e9d\u00e9rale sur la protection des donn\u00e9es (loi sur la protection des donn\u00e9es, DSG), chaque personne a droit \u00e0 la protection de sa vie priv\u00e9e ainsi qu\u2019\u00e0 la protection contre l\u2019utilisation abusive de ses donn\u00e9es personnelles. Nous respectons ces dispositions. Les donn\u00e9es personnelles sont trait\u00e9es de mani\u00e8re strictement confidentielle et ne sont ni vendues ni transmises \u00e0 des tiers. En \u00e9troite collaboration avec nos h\u00e9bergeurs, nous nous effor\u00e7ons de prot\u00e9ger au mieux les bases de donn\u00e9es contre les acc\u00e8s, les pertes, les abus ou la contrefa\u00e7on. Lorsque vous acc\u00e9dez \u00e0 nos sites Web, les donn\u00e9es suivantes sont stock\u00e9es dans les fichiers journaux: adresse IP, date, heure, demande de navigateur et allg. les informations transmises sur le syst\u00e8me d\u2019exploitation resp. Navigateurs. Ces donn\u00e9es d\u2019utilisation constituent la base des \u00e9valuations statistiques et anonymes, ce qui permet d\u2019identifier les tendances qui nous permettent d\u2019am\u00e9liorer nos offres en cons\u00e9quence.<\/p>\n<h2>Politique de confidentialit\u00e9 pour l\u2019utilisation de plugins Facebook (bouton like)<\/h2>\n<p>Nos pages incorporient des plugins du r\u00e9seau social Facebook, 1601 South California Avenue, Palo Alto, CA 94304, USA. Les plugins Facebook sont reconnaissables par le logo Facebook ou le bouton \u00abLike\u00bb (\u00abJ\u2019aime\u00bb) sur notre page. Vous trouverez ici un aper\u00e7u des plugins Facebook : .<\/p>\n<p>Lorsque vous visitez nos pages, le plugin permet d\u2019\u00e9tablir une connexion directe entre votre navigateur et le serveur Facebook. Facebook re\u00e7oit ainsi l\u2019information que vous avez visit\u00e9 notre site avec votre adresse IP. Si vous cliquez sur le bouton \u00abLike\u00bb sur Facebook pendant que vous \u00eates connect\u00e9 \u00e0 votre compte Facebook, vous pouvez l\u2019utiliser pour faire un lien entre le contenu de nos pages et votre profil Facebook. Cela permet \u00e0 Facebook d\u2019attribuer la visite de nos pages \u00e0 votre compte utilisateur. Nous attirons l\u2019attention sur le fait qu\u2019en tant que fournisseurs de sites, nous ne prenons pas connaissance du contenu des donn\u00e9es transmises et de leur utilisation par Facebook. Vous trouverez plus d\u2019informations \u00e0 ce sujet dans la politique de confidentialit\u00e9 de facebook \u00e0 l\u2019adresse <\/p>\n<p>Si vous ne souhaitez pas que Facebook puisse attribuer la visite de nos pages \u00e0 votre compte Facebook, veuillez vous d\u00e9connexer depuis votre compte Facebook.<\/p>\n<h2>Politique de confidentialit\u00e9 pour l\u2019utilisation de Google Analytics<\/h2>\n<p>Ce site web utilise Google Analytics, un service d\u2019analyse web de Google Inc. (\u00abGoogle\u00bb). Google Analytics utilise des \u00abcookies\u00bb, des fichiers texte qui sont stock\u00e9s sur votre ordinateur et qui permettent d\u2019analyser l\u2019utilisation du site par vous. Les informations g\u00e9n\u00e9r\u00e9es par le cookie concernant votre utilisation de ce site web sont g\u00e9n\u00e9ralement transmises \u00e0 un serveur de Google aux \u00c9tats-Unis et y sont enregistr\u00e9es. Toutefois, en cas d\u2019activation de l\u2019anonymisation ip sur ce site, votre adresse IP sera pr\u00e9alablement raccourcie par Google dans les \u00c9tats membres de l\u2019Union europ\u00e9enne ou dans d\u2019autres \u00c9tats parties \u00e0 l\u2019Accord sur l\u2019Espace \u00e9conomique europ\u00e9en.<\/p>\n<p>Ce n\u2019est que dans des cas exceptionnels que l\u2019adresse IP compl\u00e8te est transf\u00e9r\u00e9e et raccourcie \u00e0 un serveur de Google aux \u00c9tats-Unis. Google utilisera ces informations pour \u00e9valuer votre utilisation du site, pour compiler des rapports sur les activit\u00e9s du site web pour les exploitants du site web et pour fournir d\u2019autres services li\u00e9s \u00e0 l\u2019utilisation du site web et \u00e0 l\u2019utilisation d\u2019Internet. Google peut \u00e9galement transf\u00e9rer ces informations \u00e0 des tiers, si la loi l\u2019exige ou si des tiers traitent ces donn\u00e9es pour le compte de Google. L\u2019adresse IP fournie par votre navigateur dans le cadre de Google Analytics ne sera pas fusionn\u00e9es avec d\u2019autres donn\u00e9es de Google.<\/p>\n<p>Vous pouvez emp\u00eacher l\u2019installation des cookies en param\u00e9disant le logiciel de votre navigateur; nous vous insinautons toutefois que, dans ce cas, vous ne pourrez pas utiliser pleinement toutes les fonctionnalit\u00e9s de ce site Web. En utilisant ce site, vous acceptez le traitement par Google des donn\u00e9es collect\u00e9es \u00e0 votre sujet de la mani\u00e8re d\u00e9crite ci-dessus et dans le but pr\u00e9c\u00e9demment d\u00e9fini.<\/p>\n<h2>Conception et mise en \u0153uvre<\/h2>\n<p>SECC GmbH<br \/>\nBirkenweg 6<br \/>\n6212 St. Erhard<br \/>\n041 790 71 71<br \/>\n<a title=\"Agence de graphisme et de webdesign dans la r\u00e9gion de Sursee (Lucerne)\" href=\"https:\/\/secc.ch\/\" target=\"_blank\" rel=\"noopener noreferrer\">secc.ch<\/a><\/p>\n","protected":false},"excerpt":{"rendered":"<p>Imprimer Adresse de contact FLAGA Suisse GmbH Ringstrasse 14 9200 Gossau Suisse info@flaga.ch 071 388 00 60 Personnes ayant droit de repr\u00e9sentation Antonio Matteo, propri\u00e9taire&#8230;<\/p>\n","protected":false},"author":1,"featured_media":0,"parent":0,"menu_order":0,"comment_status":"closed","ping_status":"closed","template":"","meta":{"footnotes":""},"class_list":["post-6908","page","type-page","status-publish"],"yoast_head":"<!-- This site is optimized with the Yoast SEO plugin v27.5 - https:\/\/yoast.com\/product\/yoast-seo-wordpress\/ -->\n<title>Imprimer - FLAGA Suisse GmbH<\/title>\n<meta name=\"robots\" content=\"index, follow, max-snippet:-1, max-image-preview:large, max-video-preview:-1\" \/>\n<link rel=\"canonical\" href=\"https:\/\/flaga.ch\/fr\/imprimer\/\" \/>\n<meta property=\"og:locale\" content=\"fr_FR\" \/>\n<meta property=\"og:type\" content=\"article\" \/>\n<meta property=\"og:title\" content=\"Imprimer - FLAGA Suisse GmbH\" \/>\n<meta property=\"og:description\" content=\"Imprimer Adresse de contact FLAGA Suisse GmbH Ringstrasse 14 9200 Gossau Suisse info@flaga.ch 071 388 00 60 Personnes ayant droit de repr\u00e9sentation Antonio Matteo, propri\u00e9taire...\" \/>\n<meta property=\"og:url\" content=\"https:\/\/flaga.ch\/fr\/imprimer\/\" \/>\n<meta property=\"og:site_name\" content=\"FLAGA Suisse GmbH\" \/>\n<meta property=\"article:publisher\" content=\"https:\/\/www.facebook.com\/flaga.suisse\/\" \/>\n<meta property=\"article:modified_time\" content=\"2024-10-31T08:10:49+00:00\" \/>\n<meta property=\"og:image\" content=\"https:\/\/flaga.ch\/wp-content\/uploads\/flaga-default-picture.jpg\" \/>\n\t<meta property=\"og:image:width\" content=\"1200\" \/>\n\t<meta property=\"og:image:height\" content=\"675\" \/>\n\t<meta property=\"og:image:type\" content=\"image\/jpeg\" \/>\n<meta name=\"twitter:card\" content=\"summary_large_image\" \/>\n<meta name=\"twitter:label1\" content=\"Dur\u00e9e de lecture estim\u00e9e\" \/>\n\t<meta name=\"twitter:data1\" content=\"5 minutes\" \/>\n<script type=\"application\/ld+json\" class=\"yoast-schema-graph\">{\"@context\":\"https:\\\/\\\/schema.org\",\"@graph\":[{\"@type\":\"WebPage\",\"@id\":\"https:\\\/\\\/flaga.ch\\\/fr\\\/imprimer\\\/\",\"url\":\"https:\\\/\\\/flaga.ch\\\/fr\\\/imprimer\\\/\",\"name\":\"Imprimer - FLAGA Suisse GmbH\",\"isPartOf\":{\"@id\":\"https:\\\/\\\/flaga.ch\\\/fr\\\/#website\"},\"datePublished\":\"2020-09-23T09:15:17+00:00\",\"dateModified\":\"2024-10-31T08:10:49+00:00\",\"breadcrumb\":{\"@id\":\"https:\\\/\\\/flaga.ch\\\/fr\\\/imprimer\\\/#breadcrumb\"},\"inLanguage\":\"fr-FR\",\"potentialAction\":[{\"@type\":\"ReadAction\",\"target\":[\"https:\\\/\\\/flaga.ch\\\/fr\\\/imprimer\\\/\"]}]},{\"@type\":\"BreadcrumbList\",\"@id\":\"https:\\\/\\\/flaga.ch\\\/fr\\\/imprimer\\\/#breadcrumb\",\"itemListElement\":[{\"@type\":\"ListItem\",\"position\":1,\"name\":\"Startseite\",\"item\":\"https:\\\/\\\/flaga.ch\\\/fr\\\/flaga-home\\\/\"},{\"@type\":\"ListItem\",\"position\":2,\"name\":\"Imprimer\"}]},{\"@type\":\"WebSite\",\"@id\":\"https:\\\/\\\/flaga.ch\\\/fr\\\/#website\",\"url\":\"https:\\\/\\\/flaga.ch\\\/fr\\\/\",\"name\":\"FLAGA Suisse GmbH\",\"description\":\"Votre partenaire pour les bouteilles et r\u00e9servoirs de gaz propane\",\"publisher\":{\"@id\":\"https:\\\/\\\/flaga.ch\\\/fr\\\/#organization\"},\"potentialAction\":[{\"@type\":\"SearchAction\",\"target\":{\"@type\":\"EntryPoint\",\"urlTemplate\":\"https:\\\/\\\/flaga.ch\\\/fr\\\/?s={search_term_string}\"},\"query-input\":{\"@type\":\"PropertyValueSpecification\",\"valueRequired\":true,\"valueName\":\"search_term_string\"}}],\"inLanguage\":\"fr-FR\"},{\"@type\":\"Organization\",\"@id\":\"https:\\\/\\\/flaga.ch\\\/fr\\\/#organization\",\"name\":\"FLAGA Suisse GmbH\",\"url\":\"https:\\\/\\\/flaga.ch\\\/fr\\\/\",\"logo\":{\"@type\":\"ImageObject\",\"inLanguage\":\"fr-FR\",\"@id\":\"https:\\\/\\\/flaga.ch\\\/fr\\\/#\\\/schema\\\/logo\\\/image\\\/\",\"url\":\"https:\\\/\\\/flaga.ch\\\/wp-content\\\/uploads\\\/logo-flaga-square.jpg\",\"contentUrl\":\"https:\\\/\\\/flaga.ch\\\/wp-content\\\/uploads\\\/logo-flaga-square.jpg\",\"width\":696,\"height\":696,\"caption\":\"FLAGA Suisse GmbH\"},\"image\":{\"@id\":\"https:\\\/\\\/flaga.ch\\\/fr\\\/#\\\/schema\\\/logo\\\/image\\\/\"},\"sameAs\":[\"https:\\\/\\\/www.facebook.com\\\/flaga.suisse\\\/\",\"https:\\\/\\\/www.instagram.com\\\/flagasuisse\\\/\"]}]}<\/script>\n<!-- \/ Yoast SEO plugin. -->","yoast_head_json":{"title":"Imprimer - FLAGA Suisse GmbH","robots":{"index":"index","follow":"follow","max-snippet":"max-snippet:-1","max-image-preview":"max-image-preview:large","max-video-preview":"max-video-preview:-1"},"canonical":"https:\/\/flaga.ch\/fr\/imprimer\/","og_locale":"fr_FR","og_type":"article","og_title":"Imprimer - FLAGA Suisse GmbH","og_description":"Imprimer Adresse de contact FLAGA Suisse GmbH Ringstrasse 14 9200 Gossau Suisse info@flaga.ch 071 388 00 60 Personnes ayant droit de repr\u00e9sentation Antonio Matteo, propri\u00e9taire...","og_url":"https:\/\/flaga.ch\/fr\/imprimer\/","og_site_name":"FLAGA Suisse GmbH","article_publisher":"https:\/\/www.facebook.com\/flaga.suisse\/","article_modified_time":"2024-10-31T08:10:49+00:00","og_image":[{"width":1200,"height":675,"url":"https:\/\/flaga.ch\/wp-content\/uploads\/flaga-default-picture.jpg","type":"image\/jpeg"}],"twitter_card":"summary_large_image","twitter_misc":{"Dur\u00e9e de lecture estim\u00e9e":"5 minutes"},"schema":{"@context":"https:\/\/schema.org","@graph":[{"@type":"WebPage","@id":"https:\/\/flaga.ch\/fr\/imprimer\/","url":"https:\/\/flaga.ch\/fr\/imprimer\/","name":"Imprimer - FLAGA Suisse GmbH","isPartOf":{"@id":"https:\/\/flaga.ch\/fr\/#website"},"datePublished":"2020-09-23T09:15:17+00:00","dateModified":"2024-10-31T08:10:49+00:00","breadcrumb":{"@id":"https:\/\/flaga.ch\/fr\/imprimer\/#breadcrumb"},"inLanguage":"fr-FR","potentialAction":[{"@type":"ReadAction","target":["https:\/\/flaga.ch\/fr\/imprimer\/"]}]},{"@type":"BreadcrumbList","@id":"https:\/\/flaga.ch\/fr\/imprimer\/#breadcrumb","itemListElement":[{"@type":"ListItem","position":1,"name":"Startseite","item":"https:\/\/flaga.ch\/fr\/flaga-home\/"},{"@type":"ListItem","position":2,"name":"Imprimer"}]},{"@type":"WebSite","@id":"https:\/\/flaga.ch\/fr\/#website","url":"https:\/\/flaga.ch\/fr\/","name":"FLAGA Suisse GmbH","description":"Votre partenaire pour les bouteilles et r\u00e9servoirs de gaz propane","publisher":{"@id":"https:\/\/flaga.ch\/fr\/#organization"},"potentialAction":[{"@type":"SearchAction","target":{"@type":"EntryPoint","urlTemplate":"https:\/\/flaga.ch\/fr\/?s={search_term_string}"},"query-input":{"@type":"PropertyValueSpecification","valueRequired":true,"valueName":"search_term_string"}}],"inLanguage":"fr-FR"},{"@type":"Organization","@id":"https:\/\/flaga.ch\/fr\/#organization","name":"FLAGA Suisse GmbH","url":"https:\/\/flaga.ch\/fr\/","logo":{"@type":"ImageObject","inLanguage":"fr-FR","@id":"https:\/\/flaga.ch\/fr\/#\/schema\/logo\/image\/","url":"https:\/\/flaga.ch\/wp-content\/uploads\/logo-flaga-square.jpg","contentUrl":"https:\/\/flaga.ch\/wp-content\/uploads\/logo-flaga-square.jpg","width":696,"height":696,"caption":"FLAGA Suisse GmbH"},"image":{"@id":"https:\/\/flaga.ch\/fr\/#\/schema\/logo\/image\/"},"sameAs":["https:\/\/www.facebook.com\/flaga.suisse\/","https:\/\/www.instagram.com\/flagasuisse\/"]}]}},"_links":{"self":[{"href":"https:\/\/flaga.ch\/fr\/wp-json\/wp\/v2\/pages\/6908","targetHints":{"allow":["GET"]}}],"collection":[{"href":"https:\/\/flaga.ch\/fr\/wp-json\/wp\/v2\/pages"}],"about":[{"href":"https:\/\/flaga.ch\/fr\/wp-json\/wp\/v2\/types\/page"}],"author":[{"embeddable":true,"href":"https:\/\/flaga.ch\/fr\/wp-json\/wp\/v2\/users\/1"}],"replies":[{"embeddable":true,"href":"https:\/\/flaga.ch\/fr\/wp-json\/wp\/v2\/comments?post=6908"}],"version-history":[{"count":0,"href":"https:\/\/flaga.ch\/fr\/wp-json\/wp\/v2\/pages\/6908\/revisions"}],"wp:attachment":[{"href":"https:\/\/flaga.ch\/fr\/wp-json\/wp\/v2\/media?parent=6908"}],"curies":[{"name":"wp","href":"https:\/\/api.w.org\/{rel}","templated":true}]}}