{"id":8024,"date":"2022-02-22T12:55:23","date_gmt":"2022-03-09T12:11:32","guid":{"rendered":"https:\/\/staging.flaga.ch\/produkt\/carte-de-depot-flaga-acier\/"},"modified":"2022-08-10T15:31:00","modified_gmt":"2022-08-10T13:31:00","slug":"carte-depot-acier-flaga","status":"publish","type":"product","link":"https:\/\/flaga.ch\/fr\/produkt\/carte-depot-acier-flaga\/","title":{"rendered":"Carte de d\u00e9p\u00f4t d&rsquo;acier FLAGA"},"content":{"rendered":"","protected":false},"excerpt":{"rendered":"<p>Pour les bouteilles de gaz FLAGA, SOCAR et ESSO d&rsquo;acier (5 kg \/ 10,5 kg)<br \/>\nFrais de port inclus. La livraison se fait dans les deux semaines par la poste.<\/p>\n","protected":false},"featured_media":7834,"template":"","meta":[],"product_brand":[],"product_cat":[69],"product_tag":[],"class_list":{"0":"post-8024","1":"product","2":"type-product","3":"status-publish","4":"has-post-thumbnail","6":"product_cat-cartes-de-depot","7":"product_shipping_class-2-semaines","9":"first","10":"instock","11":"sold-individually","12":"taxable","13":"shipping-taxable","14":"purchasable","15":"product-type-simple"},"yoast_head":"<!-- This site is optimized with the Yoast SEO plugin v27.4 - https:\/\/yoast.com\/product\/yoast-seo-wordpress\/ -->\n<title>Carte de d\u00e9p\u00f4t d&#039;acier FLAGA - FLAGA Suisse GmbH<\/title>\n<meta name=\"description\" content=\"Vous avez perdu votre carte de d\u00e9p\u00f4t pour votre bouteille de gaz acier ? Commandez une carte d\u00e9p\u00f4t en remplacement des bouteilles de gaz d&#039;acier FLAGA et SOCAR.\" \/>\n<meta name=\"robots\" content=\"index, follow, max-snippet:-1, max-image-preview:large, max-video-preview:-1\" \/>\n<link rel=\"canonical\" href=\"https:\/\/flaga.ch\/fr\/produkt\/carte-depot-acier-flaga\/\" \/>\n<meta property=\"og:locale\" content=\"fr_FR\" \/>\n<meta property=\"og:type\" content=\"article\" \/>\n<meta property=\"og:title\" content=\"Carte de d\u00e9p\u00f4t d&#039;acier FLAGA - FLAGA Suisse GmbH\" \/>\n<meta property=\"og:description\" content=\"Vous avez perdu votre carte de d\u00e9p\u00f4t pour votre bouteille de gaz acier ? Commandez une carte d\u00e9p\u00f4t en remplacement des bouteilles de gaz d&#039;acier FLAGA et SOCAR.\" \/>\n<meta property=\"og:url\" content=\"https:\/\/flaga.ch\/fr\/produkt\/carte-depot-acier-flaga\/\" \/>\n<meta property=\"og:site_name\" content=\"FLAGA Suisse GmbH\" \/>\n<meta property=\"article:publisher\" content=\"https:\/\/www.facebook.com\/flaga.suisse\/\" \/>\n<meta property=\"article:modified_time\" content=\"2022-08-10T13:31:00+00:00\" \/>\n<meta property=\"og:image\" content=\"https:\/\/flaga.ch\/wp-content\/uploads\/41020.jpg\" \/>\n\t<meta property=\"og:image:width\" content=\"1200\" \/>\n\t<meta property=\"og:image:height\" content=\"1200\" \/>\n\t<meta property=\"og:image:type\" content=\"image\/jpeg\" \/>\n<meta name=\"twitter:card\" content=\"summary_large_image\" \/>\n<script type=\"application\/ld+json\" class=\"yoast-schema-graph\">{\"@context\":\"https:\\\/\\\/schema.org\",\"@graph\":[{\"@type\":\"WebPage\",\"@id\":\"https:\\\/\\\/flaga.ch\\\/fr\\\/produkt\\\/carte-depot-acier-flaga\\\/\",\"url\":\"https:\\\/\\\/flaga.ch\\\/fr\\\/produkt\\\/carte-depot-acier-flaga\\\/\",\"name\":\"Carte de d\u00e9p\u00f4t d'acier FLAGA - FLAGA Suisse GmbH\",\"isPartOf\":{\"@id\":\"https:\\\/\\\/flaga.ch\\\/fr\\\/#website\"},\"primaryImageOfPage\":{\"@id\":\"https:\\\/\\\/flaga.ch\\\/fr\\\/produkt\\\/carte-depot-acier-flaga\\\/#primaryimage\"},\"image\":{\"@id\":\"https:\\\/\\\/flaga.ch\\\/fr\\\/produkt\\\/carte-depot-acier-flaga\\\/#primaryimage\"},\"thumbnailUrl\":\"https:\\\/\\\/flaga.ch\\\/wp-content\\\/uploads\\\/41020.jpg\",\"datePublished\":\"2022-03-09T12:11:32+00:00\",\"dateModified\":\"2022-08-10T13:31:00+00:00\",\"description\":\"Vous avez perdu votre carte de d\u00e9p\u00f4t pour votre bouteille de gaz acier ? Commandez une carte d\u00e9p\u00f4t en remplacement des bouteilles de gaz d'acier FLAGA et SOCAR.\",\"breadcrumb\":{\"@id\":\"https:\\\/\\\/flaga.ch\\\/fr\\\/produkt\\\/carte-depot-acier-flaga\\\/#breadcrumb\"},\"inLanguage\":\"fr-FR\",\"potentialAction\":[{\"@type\":\"ReadAction\",\"target\":[\"https:\\\/\\\/flaga.ch\\\/fr\\\/produkt\\\/carte-depot-acier-flaga\\\/\"]}]},{\"@type\":\"ImageObject\",\"inLanguage\":\"fr-FR\",\"@id\":\"https:\\\/\\\/flaga.ch\\\/fr\\\/produkt\\\/carte-depot-acier-flaga\\\/#primaryimage\",\"url\":\"https:\\\/\\\/flaga.ch\\\/wp-content\\\/uploads\\\/41020.jpg\",\"contentUrl\":\"https:\\\/\\\/flaga.ch\\\/wp-content\\\/uploads\\\/41020.jpg\",\"width\":1200,\"height\":1200,\"caption\":\"Depotkarte Stahl FLAGA \\\/ Socar\"},{\"@type\":\"BreadcrumbList\",\"@id\":\"https:\\\/\\\/flaga.ch\\\/fr\\\/produkt\\\/carte-depot-acier-flaga\\\/#breadcrumb\",\"itemListElement\":[{\"@type\":\"ListItem\",\"position\":1,\"name\":\"Startseite\",\"item\":\"https:\\\/\\\/flaga.ch\\\/fr\\\/flaga-home\\\/\"},{\"@type\":\"ListItem\",\"position\":2,\"name\":\"Carte de d\u00e9p\u00f4t\",\"item\":\"https:\\\/\\\/flaga.ch\\\/fr\\\/carte-depot\\\/\"},{\"@type\":\"ListItem\",\"position\":3,\"name\":\"Carte de d\u00e9p\u00f4t d&rsquo;acier FLAGA\"}]},{\"@type\":\"WebSite\",\"@id\":\"https:\\\/\\\/flaga.ch\\\/fr\\\/#website\",\"url\":\"https:\\\/\\\/flaga.ch\\\/fr\\\/\",\"name\":\"FLAGA Suisse GmbH\",\"description\":\"Votre partenaire pour les bouteilles et r\u00e9servoirs de gaz propane\",\"publisher\":{\"@id\":\"https:\\\/\\\/flaga.ch\\\/fr\\\/#organization\"},\"potentialAction\":[{\"@type\":\"SearchAction\",\"target\":{\"@type\":\"EntryPoint\",\"urlTemplate\":\"https:\\\/\\\/flaga.ch\\\/fr\\\/?s={search_term_string}\"},\"query-input\":{\"@type\":\"PropertyValueSpecification\",\"valueRequired\":true,\"valueName\":\"search_term_string\"}}],\"inLanguage\":\"fr-FR\"},{\"@type\":\"Organization\",\"@id\":\"https:\\\/\\\/flaga.ch\\\/fr\\\/#organization\",\"name\":\"FLAGA Suisse GmbH\",\"url\":\"https:\\\/\\\/flaga.ch\\\/fr\\\/\",\"logo\":{\"@type\":\"ImageObject\",\"inLanguage\":\"fr-FR\",\"@id\":\"https:\\\/\\\/flaga.ch\\\/fr\\\/#\\\/schema\\\/logo\\\/image\\\/\",\"url\":\"https:\\\/\\\/flaga.ch\\\/wp-content\\\/uploads\\\/logo-flaga-square.jpg\",\"contentUrl\":\"https:\\\/\\\/flaga.ch\\\/wp-content\\\/uploads\\\/logo-flaga-square.jpg\",\"width\":696,\"height\":696,\"caption\":\"FLAGA Suisse GmbH\"},\"image\":{\"@id\":\"https:\\\/\\\/flaga.ch\\\/fr\\\/#\\\/schema\\\/logo\\\/image\\\/\"},\"sameAs\":[\"https:\\\/\\\/www.facebook.com\\\/flaga.suisse\\\/\",\"https:\\\/\\\/www.instagram.com\\\/flagasuisse\\\/\"]}]}<\/script>\n<!-- \/ Yoast SEO plugin. -->","yoast_head_json":{"title":"Carte de d\u00e9p\u00f4t d'acier FLAGA - FLAGA Suisse GmbH","description":"Vous avez perdu votre carte de d\u00e9p\u00f4t pour votre bouteille de gaz acier ? Commandez une carte d\u00e9p\u00f4t en remplacement des bouteilles de gaz d'acier FLAGA et SOCAR.","robots":{"index":"index","follow":"follow","max-snippet":"max-snippet:-1","max-image-preview":"max-image-preview:large","max-video-preview":"max-video-preview:-1"},"canonical":"https:\/\/flaga.ch\/fr\/produkt\/carte-depot-acier-flaga\/","og_locale":"fr_FR","og_type":"article","og_title":"Carte de d\u00e9p\u00f4t d'acier FLAGA - FLAGA Suisse GmbH","og_description":"Vous avez perdu votre carte de d\u00e9p\u00f4t pour votre bouteille de gaz acier ? Commandez une carte d\u00e9p\u00f4t en remplacement des bouteilles de gaz d'acier FLAGA et SOCAR.","og_url":"https:\/\/flaga.ch\/fr\/produkt\/carte-depot-acier-flaga\/","og_site_name":"FLAGA Suisse GmbH","article_publisher":"https:\/\/www.facebook.com\/flaga.suisse\/","article_modified_time":"2022-08-10T13:31:00+00:00","og_image":[{"width":1200,"height":1200,"url":"https:\/\/flaga.ch\/wp-content\/uploads\/41020.jpg","type":"image\/jpeg"}],"twitter_card":"summary_large_image","schema":{"@context":"https:\/\/schema.org","@graph":[{"@type":"WebPage","@id":"https:\/\/flaga.ch\/fr\/produkt\/carte-depot-acier-flaga\/","url":"https:\/\/flaga.ch\/fr\/produkt\/carte-depot-acier-flaga\/","name":"Carte de d\u00e9p\u00f4t d'acier FLAGA - FLAGA Suisse GmbH","isPartOf":{"@id":"https:\/\/flaga.ch\/fr\/#website"},"primaryImageOfPage":{"@id":"https:\/\/flaga.ch\/fr\/produkt\/carte-depot-acier-flaga\/#primaryimage"},"image":{"@id":"https:\/\/flaga.ch\/fr\/produkt\/carte-depot-acier-flaga\/#primaryimage"},"thumbnailUrl":"https:\/\/flaga.ch\/wp-content\/uploads\/41020.jpg","datePublished":"2022-03-09T12:11:32+00:00","dateModified":"2022-08-10T13:31:00+00:00","description":"Vous avez perdu votre carte de d\u00e9p\u00f4t pour votre bouteille de gaz acier ? Commandez une carte d\u00e9p\u00f4t en remplacement des bouteilles de gaz d'acier FLAGA et SOCAR.","breadcrumb":{"@id":"https:\/\/flaga.ch\/fr\/produkt\/carte-depot-acier-flaga\/#breadcrumb"},"inLanguage":"fr-FR","potentialAction":[{"@type":"ReadAction","target":["https:\/\/flaga.ch\/fr\/produkt\/carte-depot-acier-flaga\/"]}]},{"@type":"ImageObject","inLanguage":"fr-FR","@id":"https:\/\/flaga.ch\/fr\/produkt\/carte-depot-acier-flaga\/#primaryimage","url":"https:\/\/flaga.ch\/wp-content\/uploads\/41020.jpg","contentUrl":"https:\/\/flaga.ch\/wp-content\/uploads\/41020.jpg","width":1200,"height":1200,"caption":"Depotkarte Stahl FLAGA \/ Socar"},{"@type":"BreadcrumbList","@id":"https:\/\/flaga.ch\/fr\/produkt\/carte-depot-acier-flaga\/#breadcrumb","itemListElement":[{"@type":"ListItem","position":1,"name":"Startseite","item":"https:\/\/flaga.ch\/fr\/flaga-home\/"},{"@type":"ListItem","position":2,"name":"Carte de d\u00e9p\u00f4t","item":"https:\/\/flaga.ch\/fr\/carte-depot\/"},{"@type":"ListItem","position":3,"name":"Carte de d\u00e9p\u00f4t d&rsquo;acier FLAGA"}]},{"@type":"WebSite","@id":"https:\/\/flaga.ch\/fr\/#website","url":"https:\/\/flaga.ch\/fr\/","name":"FLAGA Suisse GmbH","description":"Votre partenaire pour les bouteilles et r\u00e9servoirs de gaz propane","publisher":{"@id":"https:\/\/flaga.ch\/fr\/#organization"},"potentialAction":[{"@type":"SearchAction","target":{"@type":"EntryPoint","urlTemplate":"https:\/\/flaga.ch\/fr\/?s={search_term_string}"},"query-input":{"@type":"PropertyValueSpecification","valueRequired":true,"valueName":"search_term_string"}}],"inLanguage":"fr-FR"},{"@type":"Organization","@id":"https:\/\/flaga.ch\/fr\/#organization","name":"FLAGA Suisse GmbH","url":"https:\/\/flaga.ch\/fr\/","logo":{"@type":"ImageObject","inLanguage":"fr-FR","@id":"https:\/\/flaga.ch\/fr\/#\/schema\/logo\/image\/","url":"https:\/\/flaga.ch\/wp-content\/uploads\/logo-flaga-square.jpg","contentUrl":"https:\/\/flaga.ch\/wp-content\/uploads\/logo-flaga-square.jpg","width":696,"height":696,"caption":"FLAGA Suisse GmbH"},"image":{"@id":"https:\/\/flaga.ch\/fr\/#\/schema\/logo\/image\/"},"sameAs":["https:\/\/www.facebook.com\/flaga.suisse\/","https:\/\/www.instagram.com\/flagasuisse\/"]}]}},"_links":{"self":[{"href":"https:\/\/flaga.ch\/fr\/wp-json\/wp\/v2\/product\/8024","targetHints":{"allow":["GET"]}}],"collection":[{"href":"https:\/\/flaga.ch\/fr\/wp-json\/wp\/v2\/product"}],"about":[{"href":"https:\/\/flaga.ch\/fr\/wp-json\/wp\/v2\/types\/product"}],"wp:featuredmedia":[{"embeddable":true,"href":"https:\/\/flaga.ch\/fr\/wp-json\/wp\/v2\/media\/7834"}],"wp:attachment":[{"href":"https:\/\/flaga.ch\/fr\/wp-json\/wp\/v2\/media?parent=8024"}],"wp:term":[{"taxonomy":"product_brand","embeddable":true,"href":"https:\/\/flaga.ch\/fr\/wp-json\/wp\/v2\/product_brand?post=8024"},{"taxonomy":"product_cat","embeddable":true,"href":"https:\/\/flaga.ch\/fr\/wp-json\/wp\/v2\/product_cat?post=8024"},{"taxonomy":"product_tag","embeddable":true,"href":"https:\/\/flaga.ch\/fr\/wp-json\/wp\/v2\/product_tag?post=8024"}],"curies":[{"name":"wp","href":"https:\/\/api.w.org\/{rel}","templated":true}]}}