{"id":6910,"date":"2020-09-23T11:15:37","date_gmt":"2020-09-23T09:15:37","guid":{"rendered":"https:\/\/flaga.ch\/impronta\/"},"modified":"2024-10-31T09:10:49","modified_gmt":"2024-10-31T08:10:49","slug":"impronta","status":"publish","type":"page","link":"https:\/\/flaga.ch\/it\/impronta\/","title":{"rendered":"Impronta"},"content":{"rendered":"<h1>Impronta<\/h1>\n<h2>Contattare<\/h2>\n<p>FLAGA Suisse Ltd.<br \/>\nRingstrasse 14<br \/>\n9200 Gossau<br \/>\nSvizzera<br \/>\ninfo@flaga.ch<br \/>\n071 388 00 60<\/p>\n<h2>Persone aventi diritto a rappresentare<\/h2>\n<p>Antonio Matteo, proprietario<\/p>\n<h2>Voce del registro commerciale<\/h2>\n<p>Nome dell&#8217;azienda registrata: FLAGA Suisse GmbH<br \/>\nNumero: CHE-110.357.177<\/p>\n<h2>Disclaimer<\/h2>\n<p>L&#8217;autore non si assume alcuna responsabilit\u00e0 per quanto riguarda la correttezza, l&#8217;accuratezza, la tempestivit\u00e0, l&#8217;affidabilit\u00e0 e la completezza delle informazioni. Sono escluse le richieste di risarcimento nei confronti dell&#8217;autore per danni di natura materiale o immateriale, che sono sorti dall&#8217;accesso o dall&#8217;uso o dal mancato utilizzo delle informazioni pubblicate, dall&#8217;uso improprio del collegamento o da difetti tecnici. Tutte le offerte non sono vincolanti. L&#8217;autore si riserva espressamente il diritto di modificare, integrare o eliminare parti delle pagine o l&#8217;intera offerta senza preavviso o di interrompere la pubblicazione temporaneamente o permanentemente.<\/p>\n<h2>Responsabilit\u00e0 per i link<\/h2>\n<p>I riferimenti e i link a siti web di terze parti sono al di fuori della nostra area di responsabilit\u00e0. Qualsiasi responsabilit\u00e0 per tali siti web viene rifiutata. L&#8217;accesso e l&#8217;uso di tali siti web sono a rischio dell&#8217;utente.<\/p>\n<h2>Copyright<\/h2>\n<p>Il copyright e tutti gli altri diritti su contenuti, immagini, foto o altri file sul sito web appartengono esclusivamente alla societ\u00e0 FLAGA Suisse GmbH o ai titolari di diritti specificamente nominati. Per la riproduzione di qualsiasi elemento, il consenso scritto dei titolari del diritto d&#8217;autore deve essere ottenuto in anticipo.<\/p>\n<h2>Privacy<\/h2>\n<p>Sulla base dell&#8217;articolo 13 della Costituzione federale svizzera e delle norme sulla protezione dei dati della Repubblica federale di Germania (Data Protection Act, DSG), ogni persona ha diritto alla protezione della propria privacy e alla protezione contro l&#8217;uso improprio dei suoi dati personali. Rispettiamo queste disposizioni. I dati personali saranno trattati in modo strettamente confidenziale e non saranno venduti o trasmessi a terzi. In stretta collaborazione con i nostri fornitori di hosting, ci sforziamo di proteggere il pi\u00f9 possibile i database da accesso, perdita, uso improprio o contraffazione di terze parti. Quando si accede ai nostri siti web, i seguenti dati sono memorizzati in file di registro: indirizzo IP, data, ora, richiesta del browser e generale. informazioni sul sistema operativo o Browser. Questi dati di utilizzo sono alla base di valutazioni statistiche e anonime, in modo che le tendenze possano essere identificate, attraverso le quali possiamo migliorare le nostre offerte di conseguenza.<\/p>\n<h2>Informativa sulla privacy per l&#8217;uso dei plugin di Facebook (pulsante Mi piace)<\/h2>\n<p>I plugin del social network Facebook, 1601 South California Avenue, Palo Alto, CA 94304, USA sono integrati sulle nostre pagine. Puoi riconoscere i plugin di Facebook con il logo di Facebook o il pulsante &#8220;Mi piace&#8221; sul nostro sito. Una panoramica dei plugin di Facebook \u00e8 disponibile qui: .<\/p>\n<p>Quando visiti le nostre pagine, il plugin stabilisce una connessione diretta tra il tuo browser e il server di Facebook. Facebook riceve le informazioni che hai visitato il nostro sito con il tuo indirizzo IP. Se fai clic sul pulsante &#8220;Mi piace&#8221; di Facebook mentre hai effettuato l&#8217;accesso al tuo account Facebook, puoi collegare i contenuti delle nostre pagine al tuo profilo Facebook. Questo permette a Facebook di assegnare la visita alle nostre pagine al tuo account utente. Vorremmo sottolineare che noi, in quanto fornitore delle pagine, non riceviamo alcuna conoscenza del contenuto dei dati trasmessi e del loro utilizzo da parte di Facebook. Ulteriori informazioni possono essere trovate nella politica sulla privacy di facebook sotto <\/p>\n<p>Se non vuoi che Facebook sia in grado di associare la tua visita alle nostre pagine al tuo account utente di Facebook, esci dal tuo account utente di Facebook.<\/p>\n<h2>Informativa sulla privacy per l&#8217;utilizzo di Google Analytics<\/h2>\n<p>Questo sito web utilizza Google Analytics, un servizio di analisi web fornito da Google Inc. (&#8220;Google&#8221;). Google Analytics utilizza i cosiddetti &#8220;cookie&#8221;, file di testo memorizzati sul tuo computer e che consentono un&#8217;analisi dell&#8217;uso del sito web. Le informazioni generate dal cookie sull&#8217;uso di questo sito web vengono di solito trasmesse a un server Google negli Stati Uniti e memorizzate l\u00ec. Tuttavia, se l&#8217;anonimizzazione della PI viene attivata su questo sito web, il tuo indirizzo IP verr\u00e0 troncato da Google all&#8217;interno degli Stati membri dell&#8217;Unione europea o in altri Stati contratbili dell&#8217;accordo sullo Spazio economico europeo.<\/p>\n<p>Solo in casi eccezionali l&#8217;indirizzo IP completo verr\u00e0 trasmesso a un server Google negli Stati Uniti e troncato. Google utilizzer\u00e0 queste informazioni allo scopo di valutare l&#8217;uso del sito web, compilare rapporti sull&#8217;attivit\u00e0 del sito web per gli operatori di siti web e altri servizi relativi all&#8217;utilizzo di siti web e Internet. Google pu\u00f2 anche trasferire queste informazioni a terzi se richiesto per legge o se terze parti elaborano questi dati per conto di Google. L&#8217;indirizzo IP trasmesso dal tuo browser nell&#8217;ambito di Google Analytics non verr\u00e0 unito ad altri dati di Google.<\/p>\n<p>\u00c8 possibile impedire l&#8217;installazione dei cookie impostando il software del browser di conseguenza; tuttavia, vorremmo sottolineare che in questo caso potrebbe non essere in grado di utilizzare tutte le funzioni di questo sito web nella misura massima. Utilizzando questo sito web, l&#8217;utente acconsente al trattamento dei dati raccolti su di te da Google nel modo e per gli scopi sopra descritti.<\/p>\n<h2>Progettazione e implementazione<\/h2>\n<p>SECC GmbH &#8211; Design grafico e web<br \/>\nBirkenweg 6<br \/>\n6212 St. Erhard<br \/>\n041 790 71 71<br \/>\n<a title=\"Agenzia di grafica e web design nell'area di Sursee (Lucerna)\" href=\"https:\/\/secc.ch\/\" target=\"_blank\" rel=\"noopener noreferrer\">secc.ch<\/a><\/p>\n","protected":false},"excerpt":{"rendered":"<p>Impronta Contattare FLAGA Suisse Ltd. Ringstrasse 14 9200 Gossau Svizzera info@flaga.ch 071 388 00 60 Persone aventi diritto a rappresentare Antonio Matteo, proprietario Voce del&#8230;<\/p>\n","protected":false},"author":1,"featured_media":0,"parent":0,"menu_order":0,"comment_status":"closed","ping_status":"closed","template":"","meta":{"footnotes":""},"class_list":["post-6910","page","type-page","status-publish"],"yoast_head":"<!-- This site is optimized with the Yoast SEO plugin v27.5 - https:\/\/yoast.com\/product\/yoast-seo-wordpress\/ -->\n<title>Impronta - FLAGA Suisse GmbH<\/title>\n<meta name=\"robots\" content=\"index, follow, max-snippet:-1, max-image-preview:large, max-video-preview:-1\" \/>\n<link rel=\"canonical\" href=\"https:\/\/flaga.ch\/it\/impronta\/\" \/>\n<meta property=\"og:locale\" content=\"it_IT\" \/>\n<meta property=\"og:type\" content=\"article\" \/>\n<meta property=\"og:title\" content=\"Impronta - FLAGA Suisse GmbH\" \/>\n<meta property=\"og:description\" content=\"Impronta Contattare FLAGA Suisse Ltd. Ringstrasse 14 9200 Gossau Svizzera info@flaga.ch 071 388 00 60 Persone aventi diritto a rappresentare Antonio Matteo, proprietario Voce del...\" \/>\n<meta property=\"og:url\" content=\"https:\/\/flaga.ch\/it\/impronta\/\" \/>\n<meta property=\"og:site_name\" content=\"FLAGA Suisse GmbH\" \/>\n<meta property=\"article:publisher\" content=\"https:\/\/www.facebook.com\/flaga.suisse\/\" \/>\n<meta property=\"article:modified_time\" content=\"2024-10-31T08:10:49+00:00\" \/>\n<meta property=\"og:image\" content=\"https:\/\/flaga.ch\/wp-content\/uploads\/flaga-default-picture.jpg\" \/>\n\t<meta property=\"og:image:width\" content=\"1200\" \/>\n\t<meta property=\"og:image:height\" content=\"675\" \/>\n\t<meta property=\"og:image:type\" content=\"image\/jpeg\" \/>\n<meta name=\"twitter:card\" content=\"summary_large_image\" \/>\n<meta name=\"twitter:label1\" content=\"Tempo di lettura stimato\" \/>\n\t<meta name=\"twitter:data1\" content=\"4 minuti\" \/>\n<script type=\"application\/ld+json\" class=\"yoast-schema-graph\">{\"@context\":\"https:\\\/\\\/schema.org\",\"@graph\":[{\"@type\":\"WebPage\",\"@id\":\"https:\\\/\\\/flaga.ch\\\/it\\\/impronta\\\/\",\"url\":\"https:\\\/\\\/flaga.ch\\\/it\\\/impronta\\\/\",\"name\":\"Impronta - FLAGA Suisse GmbH\",\"isPartOf\":{\"@id\":\"https:\\\/\\\/flaga.ch\\\/it\\\/#website\"},\"datePublished\":\"2020-09-23T09:15:37+00:00\",\"dateModified\":\"2024-10-31T08:10:49+00:00\",\"breadcrumb\":{\"@id\":\"https:\\\/\\\/flaga.ch\\\/it\\\/impronta\\\/#breadcrumb\"},\"inLanguage\":\"it-IT\",\"potentialAction\":[{\"@type\":\"ReadAction\",\"target\":[\"https:\\\/\\\/flaga.ch\\\/it\\\/impronta\\\/\"]}]},{\"@type\":\"BreadcrumbList\",\"@id\":\"https:\\\/\\\/flaga.ch\\\/it\\\/impronta\\\/#breadcrumb\",\"itemListElement\":[{\"@type\":\"ListItem\",\"position\":1,\"name\":\"Startseite\",\"item\":\"https:\\\/\\\/flaga.ch\\\/it\\\/flaga-home\\\/\"},{\"@type\":\"ListItem\",\"position\":2,\"name\":\"Impronta\"}]},{\"@type\":\"WebSite\",\"@id\":\"https:\\\/\\\/flaga.ch\\\/it\\\/#website\",\"url\":\"https:\\\/\\\/flaga.ch\\\/it\\\/\",\"name\":\"FLAGA Suisse GmbH\",\"description\":\"Il tuo partner per bombole e serbatoi di gas propano\",\"publisher\":{\"@id\":\"https:\\\/\\\/flaga.ch\\\/it\\\/#organization\"},\"potentialAction\":[{\"@type\":\"SearchAction\",\"target\":{\"@type\":\"EntryPoint\",\"urlTemplate\":\"https:\\\/\\\/flaga.ch\\\/it\\\/?s={search_term_string}\"},\"query-input\":{\"@type\":\"PropertyValueSpecification\",\"valueRequired\":true,\"valueName\":\"search_term_string\"}}],\"inLanguage\":\"it-IT\"},{\"@type\":\"Organization\",\"@id\":\"https:\\\/\\\/flaga.ch\\\/it\\\/#organization\",\"name\":\"FLAGA Suisse GmbH\",\"url\":\"https:\\\/\\\/flaga.ch\\\/it\\\/\",\"logo\":{\"@type\":\"ImageObject\",\"inLanguage\":\"it-IT\",\"@id\":\"https:\\\/\\\/flaga.ch\\\/it\\\/#\\\/schema\\\/logo\\\/image\\\/\",\"url\":\"https:\\\/\\\/flaga.ch\\\/wp-content\\\/uploads\\\/logo-flaga-square.jpg\",\"contentUrl\":\"https:\\\/\\\/flaga.ch\\\/wp-content\\\/uploads\\\/logo-flaga-square.jpg\",\"width\":696,\"height\":696,\"caption\":\"FLAGA Suisse GmbH\"},\"image\":{\"@id\":\"https:\\\/\\\/flaga.ch\\\/it\\\/#\\\/schema\\\/logo\\\/image\\\/\"},\"sameAs\":[\"https:\\\/\\\/www.facebook.com\\\/flaga.suisse\\\/\",\"https:\\\/\\\/www.instagram.com\\\/flagasuisse\\\/\"]}]}<\/script>\n<!-- \/ Yoast SEO plugin. -->","yoast_head_json":{"title":"Impronta - FLAGA Suisse GmbH","robots":{"index":"index","follow":"follow","max-snippet":"max-snippet:-1","max-image-preview":"max-image-preview:large","max-video-preview":"max-video-preview:-1"},"canonical":"https:\/\/flaga.ch\/it\/impronta\/","og_locale":"it_IT","og_type":"article","og_title":"Impronta - FLAGA Suisse GmbH","og_description":"Impronta Contattare FLAGA Suisse Ltd. Ringstrasse 14 9200 Gossau Svizzera info@flaga.ch 071 388 00 60 Persone aventi diritto a rappresentare Antonio Matteo, proprietario Voce del...","og_url":"https:\/\/flaga.ch\/it\/impronta\/","og_site_name":"FLAGA Suisse GmbH","article_publisher":"https:\/\/www.facebook.com\/flaga.suisse\/","article_modified_time":"2024-10-31T08:10:49+00:00","og_image":[{"width":1200,"height":675,"url":"https:\/\/flaga.ch\/wp-content\/uploads\/flaga-default-picture.jpg","type":"image\/jpeg"}],"twitter_card":"summary_large_image","twitter_misc":{"Tempo di lettura stimato":"4 minuti"},"schema":{"@context":"https:\/\/schema.org","@graph":[{"@type":"WebPage","@id":"https:\/\/flaga.ch\/it\/impronta\/","url":"https:\/\/flaga.ch\/it\/impronta\/","name":"Impronta - FLAGA Suisse GmbH","isPartOf":{"@id":"https:\/\/flaga.ch\/it\/#website"},"datePublished":"2020-09-23T09:15:37+00:00","dateModified":"2024-10-31T08:10:49+00:00","breadcrumb":{"@id":"https:\/\/flaga.ch\/it\/impronta\/#breadcrumb"},"inLanguage":"it-IT","potentialAction":[{"@type":"ReadAction","target":["https:\/\/flaga.ch\/it\/impronta\/"]}]},{"@type":"BreadcrumbList","@id":"https:\/\/flaga.ch\/it\/impronta\/#breadcrumb","itemListElement":[{"@type":"ListItem","position":1,"name":"Startseite","item":"https:\/\/flaga.ch\/it\/flaga-home\/"},{"@type":"ListItem","position":2,"name":"Impronta"}]},{"@type":"WebSite","@id":"https:\/\/flaga.ch\/it\/#website","url":"https:\/\/flaga.ch\/it\/","name":"FLAGA Suisse GmbH","description":"Il tuo partner per bombole e serbatoi di gas propano","publisher":{"@id":"https:\/\/flaga.ch\/it\/#organization"},"potentialAction":[{"@type":"SearchAction","target":{"@type":"EntryPoint","urlTemplate":"https:\/\/flaga.ch\/it\/?s={search_term_string}"},"query-input":{"@type":"PropertyValueSpecification","valueRequired":true,"valueName":"search_term_string"}}],"inLanguage":"it-IT"},{"@type":"Organization","@id":"https:\/\/flaga.ch\/it\/#organization","name":"FLAGA Suisse GmbH","url":"https:\/\/flaga.ch\/it\/","logo":{"@type":"ImageObject","inLanguage":"it-IT","@id":"https:\/\/flaga.ch\/it\/#\/schema\/logo\/image\/","url":"https:\/\/flaga.ch\/wp-content\/uploads\/logo-flaga-square.jpg","contentUrl":"https:\/\/flaga.ch\/wp-content\/uploads\/logo-flaga-square.jpg","width":696,"height":696,"caption":"FLAGA Suisse GmbH"},"image":{"@id":"https:\/\/flaga.ch\/it\/#\/schema\/logo\/image\/"},"sameAs":["https:\/\/www.facebook.com\/flaga.suisse\/","https:\/\/www.instagram.com\/flagasuisse\/"]}]}},"_links":{"self":[{"href":"https:\/\/flaga.ch\/it\/wp-json\/wp\/v2\/pages\/6910","targetHints":{"allow":["GET"]}}],"collection":[{"href":"https:\/\/flaga.ch\/it\/wp-json\/wp\/v2\/pages"}],"about":[{"href":"https:\/\/flaga.ch\/it\/wp-json\/wp\/v2\/types\/page"}],"author":[{"embeddable":true,"href":"https:\/\/flaga.ch\/it\/wp-json\/wp\/v2\/users\/1"}],"replies":[{"embeddable":true,"href":"https:\/\/flaga.ch\/it\/wp-json\/wp\/v2\/comments?post=6910"}],"version-history":[{"count":0,"href":"https:\/\/flaga.ch\/it\/wp-json\/wp\/v2\/pages\/6910\/revisions"}],"wp:attachment":[{"href":"https:\/\/flaga.ch\/it\/wp-json\/wp\/v2\/media?parent=6910"}],"curies":[{"name":"wp","href":"https:\/\/api.w.org\/{rel}","templated":true}]}}